{"id":116,"date":"2024-06-11T16:23:05","date_gmt":"2024-06-11T14:23:05","guid":{"rendered":"https:\/\/visionalle.fi\/?page_id=116"},"modified":"2024-06-20T02:30:52","modified_gmt":"2024-06-20T00:30:52","slug":"kotisivut","status":"publish","type":"page","link":"https:\/\/visionalle.fi\/en\/kotisivut\/","title":{"rendered":"Home\/Webpages"},"content":{"rendered":"<h2 class=\"wp-block-heading has-text-align-center\">Home\/Webpages<\/h2>\n\n\n\n<p>\"Have you considered a website for yourself or your business? We offer personalized, user-friendly websites along with comprehensive instructions for their use!\"<\/p>\n\n\n\n<p>Prices starting from \u20ac250 per site. Get in touch and share your vision with us! I will respond by the next business day at the latest.<\/p>\n\n\n\n<figure class=\"wp-block-image alignwide size-large\"><img loading=\"lazy\" decoding=\"async\" width=\"1024\" height=\"576\" src=\"https:\/\/visionalle.fi\/wp-content\/uploads\/2024\/06\/Website-Design-scaled-1-1024x576.jpg\" alt=\"\" class=\"wp-image-87\" srcset=\"https:\/\/visionalle.fi\/wp-content\/uploads\/2024\/06\/Website-Design-scaled-1-1024x576.jpg 1024w, https:\/\/visionalle.fi\/wp-content\/uploads\/2024\/06\/Website-Design-scaled-1-300x169.jpg 300w, https:\/\/visionalle.fi\/wp-content\/uploads\/2024\/06\/Website-Design-scaled-1-768x432.jpg 768w, https:\/\/visionalle.fi\/wp-content\/uploads\/2024\/06\/Website-Design-scaled-1-1536x865.jpg 1536w, https:\/\/visionalle.fi\/wp-content\/uploads\/2024\/06\/Website-Design-scaled-1-2048x1153.jpg 2048w\" sizes=\"auto, (max-width: 1024px) 100vw, 1024px\" \/><\/figure>","protected":false},"excerpt":{"rendered":"<p>Kotisivut Oletko harkinnut kotisivuja itsellesi tai yrityksellesi? Meilt\u00e4 saat personoidut selke\u00e4t kotisivut ja kattavat ohjeet niiden k\u00e4ytt\u00f6\u00f6n! Hinta alkaen 250\u20ac\/sivusto. Ota yhteytt\u00e4 ja kerro mink\u00e4laista visiota l\u00e4hdet\u00e4\u00e4n toteuttamaan! Vastaan viimeist\u00e4\u00e4n seuraavana p\u00e4iv\u00e4n\u00e4.<\/p>","protected":false},"author":1,"featured_media":0,"parent":0,"menu_order":0,"comment_status":"closed","ping_status":"closed","template":"","meta":{"footnotes":""},"class_list":["post-116","page","type-page","status-publish","hentry"],"_links":{"self":[{"href":"https:\/\/visionalle.fi\/en\/wp-json\/wp\/v2\/pages\/116","targetHints":{"allow":["GET"]}}],"collection":[{"href":"https:\/\/visionalle.fi\/en\/wp-json\/wp\/v2\/pages"}],"about":[{"href":"https:\/\/visionalle.fi\/en\/wp-json\/wp\/v2\/types\/page"}],"author":[{"embeddable":true,"href":"https:\/\/visionalle.fi\/en\/wp-json\/wp\/v2\/users\/1"}],"replies":[{"embeddable":true,"href":"https:\/\/visionalle.fi\/en\/wp-json\/wp\/v2\/comments?post=116"}],"version-history":[{"count":11,"href":"https:\/\/visionalle.fi\/en\/wp-json\/wp\/v2\/pages\/116\/revisions"}],"predecessor-version":[{"id":515,"href":"https:\/\/visionalle.fi\/en\/wp-json\/wp\/v2\/pages\/116\/revisions\/515"}],"wp:attachment":[{"href":"https:\/\/visionalle.fi\/en\/wp-json\/wp\/v2\/media?parent=116"}],"curies":[{"name":"wp","href":"https:\/\/api.w.org\/{rel}","templated":true}]}}