{"id":118,"date":"2024-06-11T16:23:36","date_gmt":"2024-06-11T14:23:36","guid":{"rendered":"https:\/\/visionalle.fi\/?page_id=118"},"modified":"2024-06-20T02:38:13","modified_gmt":"2024-06-20T00:38:13","slug":"kiinteistokuvaus","status":"publish","type":"page","link":"https:\/\/visionalle.fi\/en\/kiinteistokuvaus\/","title":{"rendered":"Architectural photography"},"content":{"rendered":"<h2 class=\"wp-block-heading has-text-align-center\">Architectural photography<\/h2>\n\n\n\n<p>Planning to sell or want to capture your home's current state? Don't worry \u2013 we provide high-quality, comprehensive photos tailored to your needs. The images will be delivered within a week of the shoot, according to your preferences and requirements.<\/p>\n\n\n\n<p>Prices starting from \u20ac200 per property. <\/p>\n\n\n\n<figure class=\"wp-block-image alignwide size-large\"><img loading=\"lazy\" decoding=\"async\" width=\"1024\" height=\"575\" src=\"https:\/\/visionalle.fi\/wp-content\/uploads\/2024\/06\/DSC00909-1024x575.jpg\" alt=\"\" class=\"wp-image-501\" srcset=\"https:\/\/visionalle.fi\/wp-content\/uploads\/2024\/06\/DSC00909-1024x575.jpg 1024w, https:\/\/visionalle.fi\/wp-content\/uploads\/2024\/06\/DSC00909-300x169.jpg 300w, https:\/\/visionalle.fi\/wp-content\/uploads\/2024\/06\/DSC00909-768x432.jpg 768w, https:\/\/visionalle.fi\/wp-content\/uploads\/2024\/06\/DSC00909-1536x863.jpg 1536w, https:\/\/visionalle.fi\/wp-content\/uploads\/2024\/06\/DSC00909-2048x1151.jpg 2048w\" sizes=\"auto, (max-width: 1024px) 100vw, 1024px\" \/><\/figure>","protected":false},"excerpt":{"rendered":"<p>Kiinteist\u00f6kuvaus Myynti edess\u00e4 vai haluatko ikuistaa kotisi nykyisen tilanteen? Ei huolta meilt\u00e4 laadukkaat ja koko kohdetta edustavat kuvat tarpeiden mukaan. Kuvat toimitetaan toiveiden ja tarpeen mukaisesti viikon sis\u00e4ll\u00e4 kuvauksesta. Hinta alkaen 200\u20ac\/kohde.<\/p>","protected":false},"author":1,"featured_media":0,"parent":0,"menu_order":0,"comment_status":"closed","ping_status":"closed","template":"","meta":{"footnotes":""},"class_list":["post-118","page","type-page","status-publish","hentry"],"_links":{"self":[{"href":"https:\/\/visionalle.fi\/en\/wp-json\/wp\/v2\/pages\/118","targetHints":{"allow":["GET"]}}],"collection":[{"href":"https:\/\/visionalle.fi\/en\/wp-json\/wp\/v2\/pages"}],"about":[{"href":"https:\/\/visionalle.fi\/en\/wp-json\/wp\/v2\/types\/page"}],"author":[{"embeddable":true,"href":"https:\/\/visionalle.fi\/en\/wp-json\/wp\/v2\/users\/1"}],"replies":[{"embeddable":true,"href":"https:\/\/visionalle.fi\/en\/wp-json\/wp\/v2\/comments?post=118"}],"version-history":[{"count":4,"href":"https:\/\/visionalle.fi\/en\/wp-json\/wp\/v2\/pages\/118\/revisions"}],"predecessor-version":[{"id":521,"href":"https:\/\/visionalle.fi\/en\/wp-json\/wp\/v2\/pages\/118\/revisions\/521"}],"wp:attachment":[{"href":"https:\/\/visionalle.fi\/en\/wp-json\/wp\/v2\/media?parent=118"}],"curies":[{"name":"wp","href":"https:\/\/api.w.org\/{rel}","templated":true}]}}