{"id":120,"date":"2024-06-11T16:24:46","date_gmt":"2024-06-11T14:24:46","guid":{"rendered":"https:\/\/visionalle.fi\/?page_id=120"},"modified":"2024-06-20T01:04:45","modified_gmt":"2024-06-19T23:04:45","slug":"ilmakuvaus","status":"publish","type":"page","link":"https:\/\/visionalle.fi\/en\/ilmakuvaus\/","title":{"rendered":"Aerial Photography"},"content":{"rendered":"<h2 class=\"wp-block-heading alignwide has-text-align-center\">Aerial Photography<\/h2>\n\n\n\n<p>Have you ever considered capturing aerial views of your property or would you like to experience the landscape from a stunning elevated perspective? <strong>Whether it's for personal enjoyment or for sales purposes, you'll find the perfect solution here!<\/strong><\/p>\n\n\n\n<ul class=\"wp-block-list\">\n<li>Aerial Photography of Plots<\/li>\n\n\n\n<li>Homes, Cabins, Buildings<\/li>\n\n\n\n<li>Construction Sites, Before and After Photos <\/li>\n\n\n\n<li>Views from future floors of under-construction apartment buildings for sales and marketing purposes<\/li>\n\n\n\n<li>Landscape photos and everything else where aerial photography can be utilized<\/li>\n<\/ul>\n\n\n\n<p>Provide a detailed description of the property, and you will receive a response and price estimate by the next business day at the latest.<\/p>\n\n\n\n<p>Prices starting from \u20ac60 per property.<\/p>\n\n\n\n<p>Feel free to contact us using the-<strong>Contact Us<\/strong>-button above!<\/p>\n\n\n\n<figure class=\"wp-block-gallery alignwide has-nested-images columns-default is-cropped wp-block-gallery-1 is-layout-flex wp-block-gallery-is-layout-flex\">\n<figure class=\"wp-block-image size-large\"><img loading=\"lazy\" decoding=\"async\" width=\"1024\" height=\"512\" data-id=\"50\" src=\"https:\/\/visionalle.fi\/wp-content\/uploads\/2024\/06\/DJI_0449-scaled-1-1024x512.jpg\" alt=\"\" class=\"wp-image-50\" srcset=\"https:\/\/visionalle.fi\/wp-content\/uploads\/2024\/06\/DJI_0449-scaled-1-1024x512.jpg 1024w, https:\/\/visionalle.fi\/wp-content\/uploads\/2024\/06\/DJI_0449-scaled-1-300x150.jpg 300w, https:\/\/visionalle.fi\/wp-content\/uploads\/2024\/06\/DJI_0449-scaled-1-768x384.jpg 768w, https:\/\/visionalle.fi\/wp-content\/uploads\/2024\/06\/DJI_0449-scaled-1-1536x768.jpg 1536w, https:\/\/visionalle.fi\/wp-content\/uploads\/2024\/06\/DJI_0449-scaled-1-2048x1024.jpg 2048w\" sizes=\"auto, (max-width: 1024px) 100vw, 1024px\" \/><\/figure>\n\n\n\n<figure class=\"wp-block-image size-large\"><img loading=\"lazy\" decoding=\"async\" width=\"1024\" height=\"576\" data-id=\"49\" src=\"https:\/\/visionalle.fi\/wp-content\/uploads\/2024\/06\/DJI_0438-scaled-1-1024x576.jpg\" alt=\"\" class=\"wp-image-49\" srcset=\"https:\/\/visionalle.fi\/wp-content\/uploads\/2024\/06\/DJI_0438-scaled-1-1024x576.jpg 1024w, https:\/\/visionalle.fi\/wp-content\/uploads\/2024\/06\/DJI_0438-scaled-1-300x169.jpg 300w, https:\/\/visionalle.fi\/wp-content\/uploads\/2024\/06\/DJI_0438-scaled-1-768x432.jpg 768w, https:\/\/visionalle.fi\/wp-content\/uploads\/2024\/06\/DJI_0438-scaled-1-1536x864.jpg 1536w, https:\/\/visionalle.fi\/wp-content\/uploads\/2024\/06\/DJI_0438-scaled-1-2048x1152.jpg 2048w\" sizes=\"auto, (max-width: 1024px) 100vw, 1024px\" \/><\/figure>\n\n\n\n<figure class=\"wp-block-image size-large\"><img loading=\"lazy\" decoding=\"async\" width=\"1024\" height=\"576\" data-id=\"48\" src=\"https:\/\/visionalle.fi\/wp-content\/uploads\/2024\/06\/DJI_0396-scaled-1-1024x576.jpg\" alt=\"\" class=\"wp-image-48\" srcset=\"https:\/\/visionalle.fi\/wp-content\/uploads\/2024\/06\/DJI_0396-scaled-1-1024x576.jpg 1024w, https:\/\/visionalle.fi\/wp-content\/uploads\/2024\/06\/DJI_0396-scaled-1-300x169.jpg 300w, https:\/\/visionalle.fi\/wp-content\/uploads\/2024\/06\/DJI_0396-scaled-1-768x432.jpg 768w, https:\/\/visionalle.fi\/wp-content\/uploads\/2024\/06\/DJI_0396-scaled-1-1536x864.jpg 1536w, https:\/\/visionalle.fi\/wp-content\/uploads\/2024\/06\/DJI_0396-scaled-1-2048x1152.jpg 2048w\" sizes=\"auto, (max-width: 1024px) 100vw, 1024px\" \/><\/figure>\n\n\n\n<figure class=\"wp-block-image size-large\"><img loading=\"lazy\" decoding=\"async\" width=\"1024\" height=\"576\" data-id=\"47\" src=\"https:\/\/visionalle.fi\/wp-content\/uploads\/2024\/06\/DJI_0360-scaled-1-1024x576.jpg\" alt=\"\" class=\"wp-image-47\" srcset=\"https:\/\/visionalle.fi\/wp-content\/uploads\/2024\/06\/DJI_0360-scaled-1-1024x576.jpg 1024w, https:\/\/visionalle.fi\/wp-content\/uploads\/2024\/06\/DJI_0360-scaled-1-300x169.jpg 300w, https:\/\/visionalle.fi\/wp-content\/uploads\/2024\/06\/DJI_0360-scaled-1-768x432.jpg 768w, https:\/\/visionalle.fi\/wp-content\/uploads\/2024\/06\/DJI_0360-scaled-1-1536x864.jpg 1536w, https:\/\/visionalle.fi\/wp-content\/uploads\/2024\/06\/DJI_0360-scaled-1-2048x1152.jpg 2048w\" sizes=\"auto, (max-width: 1024px) 100vw, 1024px\" \/><\/figure>\n\n\n\n<figure class=\"wp-block-image size-large\"><img loading=\"lazy\" decoding=\"async\" width=\"1024\" height=\"576\" data-id=\"219\" src=\"https:\/\/visionalle.fi\/wp-content\/uploads\/2024\/06\/DJI_0399-scaled-1-1024x576.jpg\" alt=\"\" class=\"wp-image-219\" srcset=\"https:\/\/visionalle.fi\/wp-content\/uploads\/2024\/06\/DJI_0399-scaled-1-1024x576.jpg 1024w, https:\/\/visionalle.fi\/wp-content\/uploads\/2024\/06\/DJI_0399-scaled-1-300x169.jpg 300w, https:\/\/visionalle.fi\/wp-content\/uploads\/2024\/06\/DJI_0399-scaled-1-768x432.jpg 768w, https:\/\/visionalle.fi\/wp-content\/uploads\/2024\/06\/DJI_0399-scaled-1-1536x864.jpg 1536w, https:\/\/visionalle.fi\/wp-content\/uploads\/2024\/06\/DJI_0399-scaled-1-2048x1152.jpg 2048w\" sizes=\"auto, (max-width: 1024px) 100vw, 1024px\" \/><\/figure>\n<\/figure>","protected":false},"excerpt":{"rendered":"<p>Ilmakuvaus Oletko harkinnut ilmakuvien hankintaa esimerkiksi tontistasi tai haluat n\u00e4hd\u00e4 maisemaa hieman korkeammalta? Oli tarpeesi omaksi iloksi tai myynti\u00e4 varten, t\u00e4\u00e4lt\u00e4 l\u00f6ytyy siihen ratkaisu! Kerro tarkempi kohteen kuvaus ja saat viimeist\u00e4\u00e4n seuraavana arkip\u00e4iv\u00e4n\u00e4 vastauksen ja hinta-arvion. Hinnat alkaen 60\u20ac\/kohde. Ota Yhteytt\u00e4 rohkeasti ylh\u00e4\u00e4ll\u00e4 olevasta &#8221;Ota Yhteytt\u00e4&#8221; painikkeesta!<\/p>","protected":false},"author":1,"featured_media":0,"parent":0,"menu_order":0,"comment_status":"closed","ping_status":"closed","template":"","meta":{"footnotes":""},"class_list":["post-120","page","type-page","status-publish","hentry"],"_links":{"self":[{"href":"https:\/\/visionalle.fi\/en\/wp-json\/wp\/v2\/pages\/120","targetHints":{"allow":["GET"]}}],"collection":[{"href":"https:\/\/visionalle.fi\/en\/wp-json\/wp\/v2\/pages"}],"about":[{"href":"https:\/\/visionalle.fi\/en\/wp-json\/wp\/v2\/types\/page"}],"author":[{"embeddable":true,"href":"https:\/\/visionalle.fi\/en\/wp-json\/wp\/v2\/users\/1"}],"replies":[{"embeddable":true,"href":"https:\/\/visionalle.fi\/en\/wp-json\/wp\/v2\/comments?post=120"}],"version-history":[{"count":27,"href":"https:\/\/visionalle.fi\/en\/wp-json\/wp\/v2\/pages\/120\/revisions"}],"predecessor-version":[{"id":499,"href":"https:\/\/visionalle.fi\/en\/wp-json\/wp\/v2\/pages\/120\/revisions\/499"}],"wp:attachment":[{"href":"https:\/\/visionalle.fi\/en\/wp-json\/wp\/v2\/media?parent=120"}],"curies":[{"name":"wp","href":"https:\/\/api.w.org\/{rel}","templated":true}]}}