{"id":122,"date":"2024-06-11T16:25:26","date_gmt":"2024-06-11T14:25:26","guid":{"rendered":"https:\/\/visionalle.fi\/?page_id=122"},"modified":"2025-01-26T19:00:04","modified_gmt":"2025-01-26T17:00:04","slug":"online-nakyvyys","status":"publish","type":"page","link":"https:\/\/visionalle.fi\/en\/online-nakyvyys\/","title":{"rendered":"Online discoverability"},"content":{"rendered":"<h2 class=\"wp-block-heading has-text-align-center\">Online discoverability<\/h2>\n\n\n\n<p>Has your online visibility taken a backseat? No worries \u2013 we have the tools to elevate your presence to a whole new level! Prices starting from \u20ac80<\/p>\n\n\n\n<ul class=\"wp-block-list\">\n<li>Improving Google visibility\n<ul class=\"wp-block-list\">\n<li>Google Maps &amp; Google Search <\/li>\n\n\n\n<li>Updating or adding information<\/li>\n<\/ul>\n<\/li>\n\n\n\n<li>Social media enhancement\n<ul class=\"wp-block-list\">\n<li>Creation and guidance of social media channels<\/li>\n\n\n\n<li>Guidance towards a better operational model<\/li>\n<\/ul>\n<\/li>\n\n\n\n<li>Ideas and suggestions for business development<\/li>\n<\/ul>\n\n\n\n<p>Can't find your business information easily on Google, or is it outdated? Get in touch, and let's improve the situation!<\/p>\n\n\n\n<figure class=\"wp-block-image alignwide size-full\"><img loading=\"lazy\" decoding=\"async\" width=\"1920\" height=\"1080\" src=\"https:\/\/visionalle.fi\/wp-content\/uploads\/2024\/06\/Online-Nakyvyys.png\" alt=\"\" class=\"wp-image-511\" srcset=\"https:\/\/visionalle.fi\/wp-content\/uploads\/2024\/06\/Online-Nakyvyys.png 1920w, https:\/\/visionalle.fi\/wp-content\/uploads\/2024\/06\/Online-Nakyvyys-300x169.png 300w, https:\/\/visionalle.fi\/wp-content\/uploads\/2024\/06\/Online-Nakyvyys-1024x576.png 1024w, https:\/\/visionalle.fi\/wp-content\/uploads\/2024\/06\/Online-Nakyvyys-768x432.png 768w, https:\/\/visionalle.fi\/wp-content\/uploads\/2024\/06\/Online-Nakyvyys-1536x864.png 1536w\" sizes=\"auto, (max-width: 1920px) 100vw, 1920px\" \/><\/figure>\n\n\n\n<div style=\"height:1rem\" aria-hidden=\"true\" class=\"wp-block-spacer\"><\/div>","protected":false},"excerpt":{"rendered":"<p>Online n\u00e4kyvyys Onko toimintasi online n\u00e4kyvyys j\u00e4\u00e4nyt taka-alalle? Ei se mit\u00e4\u00e4n, sill\u00e4 meilt\u00e4 l\u00f6ytyy keinot mill\u00e4 nostat toimintasi n\u00e4kyvyyden uudelle tasolle! Hinta alkaen 80\u20ac Eik\u00f6 Yrityskesi tiedot l\u00f6ydy helposti Googlesta tai tiedot ovat vanhentuneet? Ota yhteytt\u00e4 ja parannetaan tilannetta!<\/p>","protected":false},"author":1,"featured_media":0,"parent":0,"menu_order":0,"comment_status":"closed","ping_status":"closed","template":"","meta":{"footnotes":""},"class_list":["post-122","page","type-page","status-publish","hentry"],"_links":{"self":[{"href":"https:\/\/visionalle.fi\/en\/wp-json\/wp\/v2\/pages\/122","targetHints":{"allow":["GET"]}}],"collection":[{"href":"https:\/\/visionalle.fi\/en\/wp-json\/wp\/v2\/pages"}],"about":[{"href":"https:\/\/visionalle.fi\/en\/wp-json\/wp\/v2\/types\/page"}],"author":[{"embeddable":true,"href":"https:\/\/visionalle.fi\/en\/wp-json\/wp\/v2\/users\/1"}],"replies":[{"embeddable":true,"href":"https:\/\/visionalle.fi\/en\/wp-json\/wp\/v2\/comments?post=122"}],"version-history":[{"count":19,"href":"https:\/\/visionalle.fi\/en\/wp-json\/wp\/v2\/pages\/122\/revisions"}],"predecessor-version":[{"id":695,"href":"https:\/\/visionalle.fi\/en\/wp-json\/wp\/v2\/pages\/122\/revisions\/695"}],"wp:attachment":[{"href":"https:\/\/visionalle.fi\/en\/wp-json\/wp\/v2\/media?parent=122"}],"curies":[{"name":"wp","href":"https:\/\/api.w.org\/{rel}","templated":true}]}}