{"id":18,"date":"2024-06-10T18:26:02","date_gmt":"2024-06-10T16:26:02","guid":{"rendered":"http:\/\/192.168.1.130:8084\/?page_id=18"},"modified":"2025-01-03T09:21:26","modified_gmt":"2025-01-03T07:21:26","slug":"stock-footage","status":"publish","type":"page","link":"https:\/\/visionalle.fi\/en\/stock-footage\/","title":{"rendered":"Stock footage"},"content":{"rendered":"<h2 class=\"wp-block-heading has-text-align-center\">Arkistomateriaali<\/h2>\n\n\n\n<p>Here you can find preview versions of videos available for purchase with various licensing options. <br>Click below to view detailed licensing options and purchase instructions.<\/p>\n\n\n\n<div class=\"wp-block-columns are-vertically-aligned-top is-layout-flex wp-container-core-columns-is-layout-28f84493 wp-block-columns-is-layout-flex\">\n<div class=\"wp-block-column is-vertically-aligned-top is-layout-flow wp-block-column-is-layout-flow\" style=\"border-width:1px;border-radius:14px;padding-top:0;padding-right:var(--wp--preset--spacing--40);padding-bottom:0;padding-left:var(--wp--preset--spacing--40);flex-basis:40%\">\n<script src=\"https:\/\/www.paypal.com\/sdk\/js?client-id=BAAHigs3jHRlck-604RcZZf1_JHZzOhQMcJfrr7AhWY5rGpHQ10YHxsR1_EZg8JVW5wESFNiSAR4gmUFxY&#038;components=hosted-buttons&#038;disable-funding=venmo&#038;currency=EUR\"><\/script>\n<div id=\"paypal-container-9MMM7EUKDJPGU\"><\/div>\n<script>\n  paypal.HostedButtons({\n    hostedButtonId: \"9MMM7EUKDJPGU\",\n  }).render(\"#paypal-container-9MMM7EUKDJPGU\")\n<\/script>\n<\/div>\n\n\n\n<div class=\"wp-block-column is-vertically-aligned-top is-layout-flow wp-block-column-is-layout-flow\" style=\"flex-basis:60%\">\n<details class=\"wp-block-details has-lg-font-size is-layout-flow wp-container-core-details-is-layout-8a368f38 wp-block-details-is-layout-flow\" style=\"border-width:1px\"><summary>Various licensing options for Visionalle's archive\/stock-footage materials<\/summary>\n<details class=\"wp-block-details is-layout-flow wp-block-details-is-layout-flow\"><summary>RF (Royalty Free) &#8211; Unlimited use for unlimited time<\/summary>\n<ul class=\"wp-block-list\">\n<li class=\"has-lg-font-size\">Unlimited amount of uses for unlimited amount of time. (Use for any projects you want)<\/li>\n\n\n\n<li class=\"has-lg-font-size\">Option for full Exclusivity<\/li>\n\n\n\n<li class=\"has-lg-font-size\">One-time payment.<\/li>\n\n\n\n<li class=\"has-lg-font-size\">Pricing starts at: 80\u20ac<\/li>\n<\/ul>\n<\/details>\n\n\n\n<details class=\"wp-block-details is-layout-flow wp-block-details-is-layout-flow\"><summary>RM (Rights Managed) &#8211; Single use for time-limited usage<\/summary>\n<ul class=\"wp-block-list has-lg-font-size\">\n<li class=\"has-lg-font-size\">Single use<\/li>\n\n\n\n<li class=\"has-lg-font-size\">Best suited for a single project (Advertisment, Movies, Video, etc)<\/li>\n\n\n\n<li class=\"has-lg-font-size\">Option for full Exclusivity for X amount of time.<\/li>\n\n\n\n<li class=\"has-lg-font-size\">Pricing starts at: 30\u20ac<\/li>\n<\/ul>\n<\/details>\n\n\n\n<details class=\"wp-block-details is-layout-flow wp-block-details-is-layout-flow\"><summary>Editorial Use &#8211; Documentaries, News, non-commercial purposes<\/summary>\n<ul class=\"wp-block-list has-lg-font-size\">\n<li class=\"has-lg-font-size\">Limited Use<\/li>\n\n\n\n<li class=\"has-lg-font-size\">For non-commercial purposes (News, Documentaries, Studies, etc)<\/li>\n\n\n\n<li class=\"has-lg-font-size\">Pricing starts at: 20\u20ac<\/li>\n<\/ul>\n<\/details>\n\n\n\n<details class=\"wp-block-details is-layout-flow wp-block-details-is-layout-flow\"><summary>Details and Reselling!<\/summary>\n<div class=\"wp-block-group has-global-padding is-layout-constrained wp-block-group-is-layout-constrained\">\n<ul class=\"wp-block-list\">\n<li class=\"has-lg-font-size\">Media is packed in .MP4 with SVT-AV1 10bit (Simply put better compression\/smaller file size)<\/li>\n\n\n\n<li class=\"has-lg-font-size\">Media FPS is tagged below media. Usually 60fps = for example you can slow it down to 0.5x without problems this will make 10second clip to 20second.<\/li>\n<\/ul>\n\n\n\n<h5 class=\"wp-block-heading\">As a buyer you have no rights to resell or give others permission to use same media. Clarification: if you purchase RF (Royalty Free) under your personal name you can use it in anything you are involved in!<\/h5>\n<\/div>\n<\/details>\n\n\n\n<div class=\"wp-block-group is-vertical is-content-justification-center is-layout-flex wp-container-core-group-is-layout-ae5fd628 wp-block-group-is-layout-flex\" style=\"border-width:1px;border-radius:14px;margin-top:var(--wp--preset--spacing--20);margin-bottom:var(--wp--preset--spacing--20);padding-top:0;padding-right:0;padding-bottom:0;padding-left:0\">\n<p style=\"border-style:none;border-width:0px;border-radius:0px;margin-top:var(--wp--preset--spacing--40);margin-bottom:var(--wp--preset--spacing--40);padding-top:0;padding-right:var(--wp--preset--spacing--20);padding-bottom:0;padding-left:var(--wp--preset--spacing--20)\">For exclusive licensing or other special requirements, Please reach out to us through our <a href=\"https:\/\/visionalle.fi\/en\/ota-yhteytta\/\" data-type=\"link\" data-id=\"https:\/\/visionalle.fi\/ota-yhteytta\/\">Contact Us<\/a> page or email us at:<\/p>\n\n\n\n<p class=\"copytext\" style=\"border-style:none;border-width:0px;border-radius:0px;padding-top:0;padding-right:0;padding-bottom:var(--wp--preset--spacing--20);padding-left:0\"><strong>visionalle.fi@gmail.com<\/strong><\/p>\n<\/div>\n<\/details>\n\n\n\n<details class=\"wp-block-details is-layout-flow wp-block-details-is-layout-flow\"><summary>Instructions for purchasing \u2013 with the PayPal button or through the Contact Us page.<\/summary>\n<ul class=\"wp-block-list\">\n<li style=\"border-width:1px;border-radius:14px;padding-left:var(--wp--preset--spacing--20)\">Enter the number of the video you want in the PayPal button, after the payment you will receive a download link in your email!<\/li>\n\n\n\n<li>Or:<\/li>\n\n\n\n<li style=\"border-width:1px;border-radius:14px;padding-left:var(--wp--preset--spacing--20)\">Go to the 'Contact Us' section on the page, fill in the requested information, and include the following details in the text section:\n<ul class=\"wp-block-list\">\n<li>The tag number(s) of the video(s) you want<\/li>\n\n\n\n<li>Licensing option and additional requests<\/li>\n<\/ul>\n<\/li>\n\n\n\n<li>I will respond by the next business day at the latest<\/li>\n<\/ul>\n<\/details>\n<\/div>\n<\/div>\n\n\n<form role=\"search\" method=\"get\" action=\"https:\/\/visionalle.fi\/en\/\" class=\"wp-block-search__no-button hakukentta wp-block-search\" data-trp-original-action=\"https:\/\/visionalle.fi\/en\/\"    ><label class=\"wp-block-search__label\" for=\"wp-block-search__input-1\" >Search with tags <\/label><div class=\"wp-block-search__inside-wrapper\" ><input class=\"wp-block-search__input\" id=\"wp-block-search__input-1\" placeholder=\"For example: dog\" value=\"\" type=\"search\" name=\"s\" required style=\"border-width: 1px;border-radius: 5px\"\/><\/div><input type=\"hidden\" name=\"trp-form-language\" value=\"en\"\/><\/form>\n\n\n<div class=\"wp-block-group alignwide videot has-global-padding is-layout-constrained wp-block-group-is-layout-constrained\">\n<figure class=\"wp-block-video video 1. earlywinter water reed shoreline cloudy 29.97fps\"><video height=\"1080\" style=\"aspect-ratio: 1920 \/ 1080;\" width=\"1920\" controls loop muted src=\"https:\/\/visionalle.fi\/wp-content\/uploads\/1-PREVIEW-Early-Winter-Water-Cloudy-Reed-Shoreline-1080p2994fps3s.mp4\"><\/video><\/figure>\n\n\n\n<figure class=\"wp-block-video video 2. clouds blue sun tree sky 4k 120fps\"><video height=\"1080\" style=\"aspect-ratio: 1920 \/ 1080;\" width=\"1920\" controls loop muted src=\"https:\/\/visionalle.fi\/wp-content\/uploads\/2-PREVIEW-Sky-Tree-Sun-Clouds-Blue-4K120fps79s.mp4\"><\/video><\/figure>\n\n\n\n<figure class=\"wp-block-video video 3. dog forest shaky fall 29.97fps\"><video height=\"1080\" style=\"aspect-ratio: 1920 \/ 1080;\" width=\"1920\" controls loop muted src=\"https:\/\/visionalle.fi\/wp-content\/uploads\/3-PREVIEW-Dog-Forest-Shaky-Fall-4K29.97fps8s.mp4\"><\/video><\/figure>\n\n\n\n<figure class=\"wp-block-video video 4. dog spring ice water 4k 29.97fps sounds\"><video height=\"1080\" style=\"aspect-ratio: 1920 \/ 1080;\" width=\"1920\" controls loop muted src=\"https:\/\/visionalle.fi\/wp-content\/uploads\/4-PREVIEW-Dog-Spring-Ice-Water-4K29.97fps127ssounds.mp4\"><\/video><\/figure>\n\n\n\n<figure class=\"wp-block-video video 5. sunset ice spring timelapse 4k 60fps\"><video height=\"1080\" style=\"aspect-ratio: 1920 \/ 1080;\" width=\"1920\" controls loop muted src=\"https:\/\/visionalle.fi\/wp-content\/uploads\/5-PREVIEW-Sunset-Ice-Spring-Timelapse-4K60fps30s.mp4\"><\/video><\/figure>\n\n\n\n<figure class=\"wp-block-video video 6. fireplace multiclip 60fps sounds\"><video height=\"1080\" style=\"aspect-ratio: 1920 \/ 1080;\" width=\"1920\" controls loop muted src=\"https:\/\/visionalle.fi\/wp-content\/uploads\/6-PREVIEW-Fireplace-Multiclip-1080p60fps254ssounds.mp4\"><\/video><\/figure>\n\n\n\n<figure class=\"wp-block-video video 7. fireplace light 60fps sounds\"><video height=\"1080\" style=\"aspect-ratio: 1920 \/ 1080;\" width=\"1920\" controls loop muted src=\"https:\/\/visionalle.fi\/wp-content\/uploads\/7-PREVIEW-Light-Fireplace-1080p60fps363ssounds.mp4\"><\/video><\/figure>\n\n\n\n<figure class=\"wp-block-video video 8. oldsauna snowfall window temperaturegauge 29,97fps\"><video height=\"1080\" style=\"aspect-ratio: 1920 \/ 1080;\" width=\"1920\" controls loop muted src=\"https:\/\/visionalle.fi\/wp-content\/uploads\/8-PREVIEW-Snowfall-Window-Temperature-Gauge-1080p29.97fps611s.mp4\"><\/video><\/figure>\n\n\n\n<figure class=\"wp-block-video video 9. fading fire ember 4k 29,97fps\"><video height=\"1080\" style=\"aspect-ratio: 1920 \/ 1080;\" width=\"1920\" controls loop muted src=\"https:\/\/visionalle.fi\/wp-content\/uploads\/9-PREVIEW-Fading-Fire-Ember-4K29.97fps553s.mp4\"><\/video><\/figure>\n\n\n\n<figure class=\"wp-block-video video 10. sunset sky red blue yellow water 1080p 120fps\"><video height=\"1080\" style=\"aspect-ratio: 1920 \/ 1080;\" width=\"1920\" controls loop muted src=\"https:\/\/visionalle.fi\/wp-content\/uploads\/2025\/01\/10-PREVIEW-Sunset-Sky-Red-Blue-Yellow-Water-1080p300fps57s.mp4\"><\/video><\/figure>\n<\/div>","protected":false},"excerpt":{"rendered":"<p>Arkistomateriaali T\u00e4\u00e4lt\u00e4 l\u00f6yd\u00e4t esikatselu versiot videoista jotka ovat ostettavissa eri lisensointi vaihtoehdoilla. Alapuolelta avautuu klikkaamalla tarkemmat lisensointi vaihtoehdot ja ohjeet ostamiseen.<\/p>","protected":false},"author":1,"featured_media":0,"parent":0,"menu_order":0,"comment_status":"closed","ping_status":"closed","template":"","meta":{"footnotes":""},"class_list":["post-18","page","type-page","status-publish","hentry"],"_links":{"self":[{"href":"https:\/\/visionalle.fi\/en\/wp-json\/wp\/v2\/pages\/18","targetHints":{"allow":["GET"]}}],"collection":[{"href":"https:\/\/visionalle.fi\/en\/wp-json\/wp\/v2\/pages"}],"about":[{"href":"https:\/\/visionalle.fi\/en\/wp-json\/wp\/v2\/types\/page"}],"author":[{"embeddable":true,"href":"https:\/\/visionalle.fi\/en\/wp-json\/wp\/v2\/users\/1"}],"replies":[{"embeddable":true,"href":"https:\/\/visionalle.fi\/en\/wp-json\/wp\/v2\/comments?post=18"}],"version-history":[{"count":103,"href":"https:\/\/visionalle.fi\/en\/wp-json\/wp\/v2\/pages\/18\/revisions"}],"predecessor-version":[{"id":689,"href":"https:\/\/visionalle.fi\/en\/wp-json\/wp\/v2\/pages\/18\/revisions\/689"}],"wp:attachment":[{"href":"https:\/\/visionalle.fi\/en\/wp-json\/wp\/v2\/media?parent=18"}],"curies":[{"name":"wp","href":"https:\/\/api.w.org\/{rel}","templated":true}]}}