{"id":7,"date":"2024-05-31T20:42:04","date_gmt":"2024-05-31T18:42:04","guid":{"rendered":"http:\/\/192.168.1.130:8084\/?page_id=7"},"modified":"2025-01-22T19:05:02","modified_gmt":"2025-01-22T17:05:02","slug":"etusivu","status":"publish","type":"page","link":"https:\/\/visionalle.fi\/en\/","title":{"rendered":"Homepage"},"content":{"rendered":"<h2 class=\"wp-block-heading has-text-align-center\">Welcome to Visionalle: Explore Our Services Below <\/h2>\n\n\n\n<p class=\"has-text-align-left\">Choose a suitable option from the list below or get in touch and tell us what kind of vision we should start working on! (Click the image or text)<\/p>\n\n\n\n<div class=\"wp-block-columns are-vertically-aligned-top alignwide is-layout-flex wp-container-core-columns-is-layout-28f84493 wp-block-columns-is-layout-flex\">\n<div class=\"wp-block-column is-vertically-aligned-top is-layout-flow wp-container-core-column-is-layout-f5bb311e wp-block-column-is-layout-flow\">\n<h4 class=\"wp-block-heading has-text-align-center has-primary-color-darker-color has-text-color has-link-color wp-elements-3928098c821becc91baa8e690d5419f2\"><a href=\"https:\/\/visionalle.fi\/en\/stock-footage\/\" data-type=\"link\" data-id=\"https:\/\/kif.fi\/media\/\">Videography - Stock Footage<\/a><\/h4>\n\n\n\n<div class=\"linked-video-wrapper\">\n  <a href=\"https:\/\/visionalle.fi\/en\/stock-footage\/\" class=\"video-link\">\n    <figure class=\"wp-block-video mutevideo\">\n      <video height=\"1080\" style=\"aspect-ratio: 1920 \/ 1080;\" width=\"1920\" autoplay loop muted src=\"https:\/\/visionalle.fi\/wp-content\/uploads\/2024\/06\/2Mindemo506-2.mp4\"><\/video>\n    <\/figure>\n  <\/a>\n<\/div>\n<\/div>\n\n\n\n<div class=\"wp-block-column is-vertically-aligned-top is-layout-flow wp-container-core-column-is-layout-f5bb311e wp-block-column-is-layout-flow\">\n<h4 class=\"wp-block-heading has-text-align-center has-primary-color-darker-color has-text-color has-link-color wp-elements-8512db2d0725b2939bc0afa74a8e420c\"><a href=\"https:\/\/visionalle.fi\/en\/ilmakuvaus\/\" data-type=\"page\" data-id=\"120\">Aerial Photography<\/a><\/h4>\n\n\n\n<figure class=\"wp-block-image size-large mediajateksti\"><a href=\"https:\/\/visionalle.fi\/en\/ilmakuvaus\/\"><img loading=\"lazy\" decoding=\"async\" width=\"1024\" height=\"576\" src=\"https:\/\/visionalle.fi\/wp-content\/uploads\/2024\/06\/DJI_0396-scaled-1-1024x576.jpg\" alt=\"\" class=\"wp-image-48\" srcset=\"https:\/\/visionalle.fi\/wp-content\/uploads\/2024\/06\/DJI_0396-scaled-1-1024x576.jpg 1024w, https:\/\/visionalle.fi\/wp-content\/uploads\/2024\/06\/DJI_0396-scaled-1-300x169.jpg 300w, https:\/\/visionalle.fi\/wp-content\/uploads\/2024\/06\/DJI_0396-scaled-1-768x432.jpg 768w, https:\/\/visionalle.fi\/wp-content\/uploads\/2024\/06\/DJI_0396-scaled-1-1536x864.jpg 1536w, https:\/\/visionalle.fi\/wp-content\/uploads\/2024\/06\/DJI_0396-scaled-1-2048x1152.jpg 2048w\" sizes=\"auto, (max-width: 1024px) 100vw, 1024px\" \/><\/a><\/figure>\n<\/div>\n<\/div>\n\n\n\n<div class=\"wp-block-columns alignwide are-vertically-aligned-bottom is-layout-flex wp-container-core-columns-is-layout-28f84493 wp-block-columns-is-layout-flex\">\n<div class=\"wp-block-column is-vertically-aligned-bottom is-layout-flow wp-container-core-column-is-layout-f5bb311e wp-block-column-is-layout-flow\">\n<h4 class=\"wp-block-heading has-text-align-center has-primary-color-darker-color has-text-color has-link-color wp-elements-5b28de96eab6833801ed546952a12131\"><a href=\"https:\/\/kif.fi\/media\/\" data-type=\"link\" data-id=\"https:\/\/kif.fi\/media\/\"><\/a><a href=\"https:\/\/visionalle.fi\/en\/kiinteistokuvaus\/\" data-type=\"page\" data-id=\"118\">Properties: Homes, plots, and worksites, both interior and exterior<\/a><\/h4>\n\n\n\n<figure class=\"wp-block-image size-large mediajateksti\"><a href=\"https:\/\/visionalle.fi\/en\/kiinteistokuvaus\/\"><img loading=\"lazy\" decoding=\"async\" width=\"1024\" height=\"576\" src=\"https:\/\/visionalle.fi\/wp-content\/uploads\/2024\/06\/DJI_0438-scaled-1-1024x576.jpg\" alt=\"\" class=\"wp-image-49\" srcset=\"https:\/\/visionalle.fi\/wp-content\/uploads\/2024\/06\/DJI_0438-scaled-1-1024x576.jpg 1024w, https:\/\/visionalle.fi\/wp-content\/uploads\/2024\/06\/DJI_0438-scaled-1-300x169.jpg 300w, https:\/\/visionalle.fi\/wp-content\/uploads\/2024\/06\/DJI_0438-scaled-1-768x432.jpg 768w, https:\/\/visionalle.fi\/wp-content\/uploads\/2024\/06\/DJI_0438-scaled-1-1536x864.jpg 1536w, https:\/\/visionalle.fi\/wp-content\/uploads\/2024\/06\/DJI_0438-scaled-1-2048x1152.jpg 2048w\" sizes=\"auto, (max-width: 1024px) 100vw, 1024px\" \/><\/a><\/figure>\n<\/div>\n\n\n\n<div class=\"wp-block-column is-vertically-aligned-bottom is-layout-flow wp-container-core-column-is-layout-f5bb311e wp-block-column-is-layout-flow\">\n<h4 class=\"wp-block-heading has-text-align-center has-primary-color-darker-color has-text-color has-link-color wp-elements-fe1e66473fc94e5447c635596025b9b5\"><a href=\"https:\/\/kif.fi\/media\/\" data-type=\"link\" data-id=\"https:\/\/kif.fi\/media\/\"><\/a><a href=\"https:\/\/visionalle.fi\/en\/online-nakyvyys\/\" data-type=\"page\" data-id=\"122\">Enhancing visibility on the internet and social media<\/a><\/h4>\n\n\n\n<figure class=\"wp-block-image size-large mediajateksti\"><a href=\"https:\/\/visionalle.fi\/en\/online-nakyvyys\/\"><img loading=\"lazy\" decoding=\"async\" width=\"1024\" height=\"576\" src=\"https:\/\/visionalle.fi\/wp-content\/uploads\/2024\/06\/Online-Nakyvyys-1024x576.png\" alt=\"\" class=\"wp-image-511\" srcset=\"https:\/\/visionalle.fi\/wp-content\/uploads\/2024\/06\/Online-Nakyvyys-1024x576.png 1024w, https:\/\/visionalle.fi\/wp-content\/uploads\/2024\/06\/Online-Nakyvyys-300x169.png 300w, https:\/\/visionalle.fi\/wp-content\/uploads\/2024\/06\/Online-Nakyvyys-768x432.png 768w, https:\/\/visionalle.fi\/wp-content\/uploads\/2024\/06\/Online-Nakyvyys-1536x864.png 1536w, https:\/\/visionalle.fi\/wp-content\/uploads\/2024\/06\/Online-Nakyvyys.png 1920w\" sizes=\"auto, (max-width: 1024px) 100vw, 1024px\" \/><\/a><\/figure>\n<\/div>\n<\/div>\n\n\n\n<div class=\"wp-block-columns alignwide are-vertically-aligned-bottom is-layout-flex wp-container-core-columns-is-layout-28f84493 wp-block-columns-is-layout-flex\">\n<div class=\"wp-block-column is-vertically-aligned-bottom is-layout-flow wp-container-core-column-is-layout-f5bb311e wp-block-column-is-layout-flow\">\n<h4 class=\"wp-block-heading has-text-align-center has-primary-color-darker-color has-text-color has-link-color wp-elements-de1bebd3343be8d7d715392b94211208\"><a href=\"https:\/\/kif.fi\/media\/\" data-type=\"link\" data-id=\"https:\/\/kif.fi\/media\/\"><\/a><a href=\"https:\/\/visionalle.fi\/en\/kotisivut\/\" data-type=\"page\" data-id=\"116\">Home\/Webpages<\/a><\/h4>\n\n\n\n<figure class=\"wp-block-image size-large mediajateksti\"><a href=\"https:\/\/visionalle.fi\/en\/kotisivut\/\"><img loading=\"lazy\" decoding=\"async\" width=\"1024\" height=\"576\" src=\"https:\/\/visionalle.fi\/wp-content\/uploads\/2024\/06\/Website-Design-scaled-1-1024x576.jpg\" alt=\"\" class=\"wp-image-87\" srcset=\"https:\/\/visionalle.fi\/wp-content\/uploads\/2024\/06\/Website-Design-scaled-1-1024x576.jpg 1024w, https:\/\/visionalle.fi\/wp-content\/uploads\/2024\/06\/Website-Design-scaled-1-300x169.jpg 300w, https:\/\/visionalle.fi\/wp-content\/uploads\/2024\/06\/Website-Design-scaled-1-768x432.jpg 768w, https:\/\/visionalle.fi\/wp-content\/uploads\/2024\/06\/Website-Design-scaled-1-1536x865.jpg 1536w, https:\/\/visionalle.fi\/wp-content\/uploads\/2024\/06\/Website-Design-scaled-1-2048x1153.jpg 2048w\" sizes=\"auto, (max-width: 1024px) 100vw, 1024px\" \/><\/a><\/figure>\n<\/div>\n\n\n\n<div class=\"wp-block-column is-vertically-aligned-bottom is-layout-flow wp-container-core-column-is-layout-f5bb311e wp-block-column-is-layout-flow\" style=\"border-style:none;border-width:0px;box-shadow:none\">\n<h4 class=\"wp-block-heading has-text-align-center has-primary-color-darker-color has-text-color has-link-color wp-elements-7bec0ef6a49103a353eb9ad53a15c360\">Mapping of underwater rocks<\/h4>\n\n\n\n<figure class=\"wp-block-image size-large mediajateksti\"><img loading=\"lazy\" decoding=\"async\" width=\"1024\" height=\"576\" src=\"https:\/\/visionalle.fi\/wp-content\/uploads\/2024\/06\/Rock-scouting-example-scaled-1-1024x576.jpg\" alt=\"\" class=\"wp-image-51\" srcset=\"https:\/\/visionalle.fi\/wp-content\/uploads\/2024\/06\/Rock-scouting-example-scaled-1-1024x576.jpg 1024w, https:\/\/visionalle.fi\/wp-content\/uploads\/2024\/06\/Rock-scouting-example-scaled-1-300x169.jpg 300w, https:\/\/visionalle.fi\/wp-content\/uploads\/2024\/06\/Rock-scouting-example-scaled-1-768x432.jpg 768w, https:\/\/visionalle.fi\/wp-content\/uploads\/2024\/06\/Rock-scouting-example-scaled-1-1536x864.jpg 1536w, https:\/\/visionalle.fi\/wp-content\/uploads\/2024\/06\/Rock-scouting-example-scaled-1-2048x1152.jpg 2048w\" sizes=\"auto, (max-width: 1024px) 100vw, 1024px\" \/><\/figure>\n<\/div>\n<\/div>\n\n\n\n<div class=\"wp-block-cover alignwide is-light has-custom-content-position is-position-bottom-center cover mediajateksti\"><span aria-hidden=\"true\" class=\"wp-block-cover__background has-background-dim-0 has-background-dim\" style=\"background-color:#828284\"><\/span><img loading=\"lazy\" decoding=\"async\" width=\"2560\" height=\"1440\" class=\"wp-block-cover__image-background wp-image-219\" alt=\"\" src=\"https:\/\/visionalle.fi\/wp-content\/uploads\/2024\/06\/DJI_0399-scaled-1.jpg\" style=\"object-position:49% 49%\" data-object-fit=\"cover\" data-object-position=\"49% 49%\" srcset=\"https:\/\/visionalle.fi\/wp-content\/uploads\/2024\/06\/DJI_0399-scaled-1.jpg 2560w, https:\/\/visionalle.fi\/wp-content\/uploads\/2024\/06\/DJI_0399-scaled-1-300x169.jpg 300w, https:\/\/visionalle.fi\/wp-content\/uploads\/2024\/06\/DJI_0399-scaled-1-1024x576.jpg 1024w, https:\/\/visionalle.fi\/wp-content\/uploads\/2024\/06\/DJI_0399-scaled-1-768x432.jpg 768w, https:\/\/visionalle.fi\/wp-content\/uploads\/2024\/06\/DJI_0399-scaled-1-1536x864.jpg 1536w, https:\/\/visionalle.fi\/wp-content\/uploads\/2024\/06\/DJI_0399-scaled-1-2048x1152.jpg 2048w\" sizes=\"auto, (max-width: 2560px) 100vw, 2560px\" \/><div class=\"wp-block-cover__inner-container is-layout-flow wp-block-cover-is-layout-flow\">\n<h5 class=\"wp-block-heading has-text-align-center has-2-xl-font-size\"><a href=\"https:\/\/visionalle.fi\/en\/ota-yhteytta\/\" data-type=\"page\" data-id=\"195\">Your vision\/idea \u2013 get in touch and ask away!<\/a><\/h5>\n<\/div><\/div>\n\n\n\n<details class=\"wp-block-details is-layout-flow wp-block-details-is-layout-flow\"><summary>Prices starting from: Click here<\/summary>\n<ul class=\"wp-block-list\">\n<li>Aerial Photography: 80\u20ac<\/li>\n\n\n\n<li>Website: \u20ac250 (including instructions how to use)<\/li>\n\n\n\n<li>Online Visibility: 80\u20ac<\/li>\n<\/ul>\n<\/details>","protected":false},"excerpt":{"rendered":"<p>Tervetuloa Visionallen palveluiden pariin! Valitse alapuolella olevasta listasta sopiva vaihtoehto tai ota yhteytt\u00e4 ja kerro mink\u00e4laista visiota l\u00e4hdet\u00e4\u00e4n toteuttamaan! (Klikkaa kuvaa tai teksti\u00e4) Arkistomateriaali &#8211; Stock Footage Ilmakuvaus Kiinteist\u00f6t: kodit, tontit, ty\u00f6maat niin sis\u00e4lt\u00e4 kuin ulkoa N\u00e4kyvyyden kehitys internetiss\u00e4 ja sosiaalisessa mediassa Kotisivut Vedenalaisten kivien kartoitus<\/p>","protected":false},"author":1,"featured_media":0,"parent":0,"menu_order":0,"comment_status":"closed","ping_status":"closed","template":"","meta":{"footnotes":""},"class_list":["post-7","page","type-page","status-publish","hentry"],"_links":{"self":[{"href":"https:\/\/visionalle.fi\/en\/wp-json\/wp\/v2\/pages\/7","targetHints":{"allow":["GET"]}}],"collection":[{"href":"https:\/\/visionalle.fi\/en\/wp-json\/wp\/v2\/pages"}],"about":[{"href":"https:\/\/visionalle.fi\/en\/wp-json\/wp\/v2\/types\/page"}],"author":[{"embeddable":true,"href":"https:\/\/visionalle.fi\/en\/wp-json\/wp\/v2\/users\/1"}],"replies":[{"embeddable":true,"href":"https:\/\/visionalle.fi\/en\/wp-json\/wp\/v2\/comments?post=7"}],"version-history":[{"count":177,"href":"https:\/\/visionalle.fi\/en\/wp-json\/wp\/v2\/pages\/7\/revisions"}],"predecessor-version":[{"id":692,"href":"https:\/\/visionalle.fi\/en\/wp-json\/wp\/v2\/pages\/7\/revisions\/692"}],"wp:attachment":[{"href":"https:\/\/visionalle.fi\/en\/wp-json\/wp\/v2\/media?parent=7"}],"curies":[{"name":"wp","href":"https:\/\/api.w.org\/{rel}","templated":true}]}}